{"id":2779,"date":"2025-10-11T11:39:19","date_gmt":"2025-10-11T14:39:19","guid":{"rendered":"https:\/\/berachi.com.uy\/web\/?page_id=2779"},"modified":"2025-10-11T11:39:20","modified_gmt":"2025-10-11T14:39:20","slug":"remate-2025-2","status":"publish","type":"page","link":"https:\/\/berachi.com.uy\/web\/remate-2025-2\/","title":{"rendered":"Remate 2025"},"content":{"rendered":"<div class=\"wp-block-image\">\n<figure class=\"aligncenter size-large\"><img loading=\"lazy\" decoding=\"async\" width=\"724\" height=\"1024\" src=\"https:\/\/berachi.com.uy\/web\/wp-content\/uploads\/2025\/10\/Prueba-724x1024.png\" alt=\"\" class=\"wp-image-2734\" srcset=\"https:\/\/berachi.com.uy\/web\/wp-content\/uploads\/2025\/10\/Prueba-724x1024.png 724w, https:\/\/berachi.com.uy\/web\/wp-content\/uploads\/2025\/10\/Prueba-212x300.png 212w, https:\/\/berachi.com.uy\/web\/wp-content\/uploads\/2025\/10\/Prueba-768x1086.png 768w, https:\/\/berachi.com.uy\/web\/wp-content\/uploads\/2025\/10\/Prueba-1086x1536.png 1086w, https:\/\/berachi.com.uy\/web\/wp-content\/uploads\/2025\/10\/Prueba-1024x1448.png 1024w, https:\/\/berachi.com.uy\/web\/wp-content\/uploads\/2025\/10\/Prueba-764x1080.png 764w, https:\/\/berachi.com.uy\/web\/wp-content\/uploads\/2025\/10\/Prueba.png 1414w\" sizes=\"auto, (max-width: 724px) 100vw, 724px\" \/><\/figure>\n<\/div>\n\n\n<div style=\"height:25px\" aria-hidden=\"true\" class=\"wp-block-spacer\"><\/div>\n\n\n\n<div class=\"wp-block-columns is-layout-flex wp-container-core-columns-is-layout-9d6595d7 wp-block-columns-is-layout-flex\">\n<div class=\"wp-block-column is-layout-flow wp-block-column-is-layout-flow\"><\/div>\n\n\n\n<div class=\"wp-block-column is-layout-flow wp-block-column-is-layout-flow\">\n<div class=\"wp-block-buttons is-content-justification-center is-layout-flex wp-container-core-buttons-is-layout-16018d1d wp-block-buttons-is-layout-flex\">\n<div class=\"wp-block-button\"><a class=\"wp-block-button__link has-text-align-center wp-element-button\" href=\"https:\/\/berachi.com.uy\/web\/wp-content\/uploads\/2025\/10\/Catalogo-Berachi-2025.pdf\" target=\"_blank\" rel=\"noreferrer noopener\">Ver Catalogo<\/a><\/div>\n<\/div>\n<\/div>\n\n\n\n<div class=\"wp-block-column is-layout-flow wp-block-column-is-layout-flow\"><\/div>\n<\/div>\n\n\n\n<div style=\"height:25px\" aria-hidden=\"true\" class=\"wp-block-spacer\"><\/div>\n\n\n\n<div class=\"wp-block-columns is-layout-flex wp-container-core-columns-is-layout-9d6595d7 wp-block-columns-is-layout-flex\">\n<div class=\"wp-block-column is-layout-flow wp-block-column-is-layout-flow\"><div class=\"wp-block-image\">\n<figure class=\"aligncenter size-large\"><img loading=\"lazy\" decoding=\"async\" width=\"616\" height=\"1024\" src=\"https:\/\/berachi.com.uy\/web\/wp-content\/uploads\/2025\/10\/Promedio-Remate-616x1024.jpg\" alt=\"\" class=\"wp-image-2786\" srcset=\"https:\/\/berachi.com.uy\/web\/wp-content\/uploads\/2025\/10\/Promedio-Remate-616x1024.jpg 616w, https:\/\/berachi.com.uy\/web\/wp-content\/uploads\/2025\/10\/Promedio-Remate-181x300.jpg 181w, https:\/\/berachi.com.uy\/web\/wp-content\/uploads\/2025\/10\/Promedio-Remate-650x1080.jpg 650w, https:\/\/berachi.com.uy\/web\/wp-content\/uploads\/2025\/10\/Promedio-Remate.jpg 720w\" sizes=\"auto, (max-width: 616px) 100vw, 616px\" \/><\/figure>\n<\/div><\/div>\n\n\n\n<div class=\"wp-block-column is-layout-flow wp-block-column-is-layout-flow\">\n<figure class=\"wp-block-video\"><video height=\"1920\" style=\"aspect-ratio: 1080 \/ 1920;\" width=\"1080\" controls src=\"https:\/\/berachi.com.uy\/web\/wp-content\/uploads\/2025\/10\/Remate-2025.mov\"><\/video><\/figure>\n<\/div>\n<\/div>\n\n\n\n<div style=\"height:25px\" aria-hidden=\"true\" class=\"wp-block-spacer\"><\/div>\n\n\n\n<div class=\"wp-block-columns is-layout-flex wp-container-core-columns-is-layout-9d6595d7 wp-block-columns-is-layout-flex\">\n<div class=\"wp-block-column is-layout-flow wp-block-column-is-layout-flow\" style=\"flex-basis:33.33%\"><div class=\"wp-block-image\">\n<figure class=\"aligncenter size-full is-resized\"><img loading=\"lazy\" decoding=\"async\" width=\"512\" height=\"512\" src=\"https:\/\/berachi.com.uy\/web\/wp-content\/uploads\/2025\/10\/news.webp\" alt=\"\" class=\"wp-image-2788\" style=\"width:155px;height:auto\" srcset=\"https:\/\/berachi.com.uy\/web\/wp-content\/uploads\/2025\/10\/news.webp 512w, https:\/\/berachi.com.uy\/web\/wp-content\/uploads\/2025\/10\/news-300x300.webp 300w, https:\/\/berachi.com.uy\/web\/wp-content\/uploads\/2025\/10\/news-150x150.webp 150w\" sizes=\"auto, (max-width: 512px) 100vw, 512px\" \/><\/figure>\n<\/div><\/div>\n\n\n\n<div class=\"wp-block-column is-layout-flow wp-block-column-is-layout-flow\" style=\"flex-basis:66.66%\">\n<h2 class=\"Page-headline\">En un gran remate, Berach\u00ed mostr\u00f3 su f\u00e1brica de producir carne en Cerro Largo\u00a0<\/h2>\n<p style=\"text-align: right;\">Ver la nota <a href=\"https:\/\/rurales.elpais.com.uy\/zafra-de-toros\/en-un-gran-remate-berachi-mostro-su-fabrica-de-producir-carne-en-cerro-largo\" target=\"_blank\" rel=\"noopener\">aqu\u00ed<\/a><\/p>\n<\/div>\n<\/div>\n\n\n\n<figure class=\"wp-block-gallery has-nested-images columns-default is-cropped wp-block-gallery-1 is-layout-flex wp-block-gallery-is-layout-flex\">\n<figure class=\"wp-block-image size-large\"><img loading=\"lazy\" decoding=\"async\" width=\"1024\" height=\"683\" data-id=\"2769\" src=\"https:\/\/berachi.com.uy\/web\/wp-content\/uploads\/2025\/10\/33-1024x683.jpg\" alt=\"\" class=\"wp-image-2769\" srcset=\"https:\/\/berachi.com.uy\/web\/wp-content\/uploads\/2025\/10\/33-1024x683.jpg 1024w, https:\/\/berachi.com.uy\/web\/wp-content\/uploads\/2025\/10\/33-300x200.jpg 300w, https:\/\/berachi.com.uy\/web\/wp-content\/uploads\/2025\/10\/33-768x512.jpg 768w, https:\/\/berachi.com.uy\/web\/wp-content\/uploads\/2025\/10\/33-1536x1024.jpg 1536w, https:\/\/berachi.com.uy\/web\/wp-content\/uploads\/2025\/10\/33-1620x1080.jpg 1620w, https:\/\/berachi.com.uy\/web\/wp-content\/uploads\/2025\/10\/33.jpg 2048w\" sizes=\"auto, (max-width: 1024px) 100vw, 1024px\" \/><\/figure>\n\n\n\n<figure class=\"wp-block-image size-large\"><img loading=\"lazy\" decoding=\"async\" width=\"1024\" height=\"683\" data-id=\"2771\" src=\"https:\/\/berachi.com.uy\/web\/wp-content\/uploads\/2025\/10\/34-1024x683.jpg\" alt=\"\" class=\"wp-image-2771\" srcset=\"https:\/\/berachi.com.uy\/web\/wp-content\/uploads\/2025\/10\/34-1024x683.jpg 1024w, https:\/\/berachi.com.uy\/web\/wp-content\/uploads\/2025\/10\/34-300x200.jpg 300w, https:\/\/berachi.com.uy\/web\/wp-content\/uploads\/2025\/10\/34-768x512.jpg 768w, https:\/\/berachi.com.uy\/web\/wp-content\/uploads\/2025\/10\/34-1536x1024.jpg 1536w, https:\/\/berachi.com.uy\/web\/wp-content\/uploads\/2025\/10\/34-1620x1080.jpg 1620w, https:\/\/berachi.com.uy\/web\/wp-content\/uploads\/2025\/10\/34.jpg 2048w\" sizes=\"auto, (max-width: 1024px) 100vw, 1024px\" \/><\/figure>\n\n\n\n<figure class=\"wp-block-image size-large\"><img loading=\"lazy\" decoding=\"async\" width=\"1024\" height=\"683\" data-id=\"2773\" src=\"https:\/\/berachi.com.uy\/web\/wp-content\/uploads\/2025\/10\/35-1024x683.jpg\" alt=\"\" class=\"wp-image-2773\" srcset=\"https:\/\/berachi.com.uy\/web\/wp-content\/uploads\/2025\/10\/35-1024x683.jpg 1024w, https:\/\/berachi.com.uy\/web\/wp-content\/uploads\/2025\/10\/35-300x200.jpg 300w, https:\/\/berachi.com.uy\/web\/wp-content\/uploads\/2025\/10\/35-768x512.jpg 768w, https:\/\/berachi.com.uy\/web\/wp-content\/uploads\/2025\/10\/35-1536x1024.jpg 1536w, https:\/\/berachi.com.uy\/web\/wp-content\/uploads\/2025\/10\/35-1620x1080.jpg 1620w, https:\/\/berachi.com.uy\/web\/wp-content\/uploads\/2025\/10\/35.jpg 2048w\" sizes=\"auto, (max-width: 1024px) 100vw, 1024px\" \/><\/figure>\n\n\n\n<figure class=\"wp-block-image size-large\"><img loading=\"lazy\" decoding=\"async\" width=\"1024\" height=\"683\" data-id=\"2767\" src=\"https:\/\/berachi.com.uy\/web\/wp-content\/uploads\/2025\/10\/32-1024x683.jpg\" alt=\"\" class=\"wp-image-2767\" srcset=\"https:\/\/berachi.com.uy\/web\/wp-content\/uploads\/2025\/10\/32-1024x683.jpg 1024w, https:\/\/berachi.com.uy\/web\/wp-content\/uploads\/2025\/10\/32-300x200.jpg 300w, https:\/\/berachi.com.uy\/web\/wp-content\/uploads\/2025\/10\/32-768x512.jpg 768w, https:\/\/berachi.com.uy\/web\/wp-content\/uploads\/2025\/10\/32-1536x1024.jpg 1536w, https:\/\/berachi.com.uy\/web\/wp-content\/uploads\/2025\/10\/32-1620x1080.jpg 1620w, https:\/\/berachi.com.uy\/web\/wp-content\/uploads\/2025\/10\/32.jpg 2048w\" sizes=\"auto, (max-width: 1024px) 100vw, 1024px\" \/><\/figure>\n\n\n\n<figure class=\"wp-block-image size-large\"><img loading=\"lazy\" decoding=\"async\" width=\"1024\" height=\"683\" data-id=\"2761\" src=\"https:\/\/berachi.com.uy\/web\/wp-content\/uploads\/2025\/10\/30-1024x683.jpg\" alt=\"\" class=\"wp-image-2761\" srcset=\"https:\/\/berachi.com.uy\/web\/wp-content\/uploads\/2025\/10\/30-1024x683.jpg 1024w, https:\/\/berachi.com.uy\/web\/wp-content\/uploads\/2025\/10\/30-300x200.jpg 300w, https:\/\/berachi.com.uy\/web\/wp-content\/uploads\/2025\/10\/30-768x512.jpg 768w, https:\/\/berachi.com.uy\/web\/wp-content\/uploads\/2025\/10\/30-1536x1024.jpg 1536w, https:\/\/berachi.com.uy\/web\/wp-content\/uploads\/2025\/10\/30-1620x1080.jpg 1620w, https:\/\/berachi.com.uy\/web\/wp-content\/uploads\/2025\/10\/30.jpg 2048w\" sizes=\"auto, (max-width: 1024px) 100vw, 1024px\" \/><\/figure>\n\n\n\n<figure class=\"wp-block-image size-large\"><img loading=\"lazy\" decoding=\"async\" width=\"1024\" height=\"683\" data-id=\"2759\" src=\"https:\/\/berachi.com.uy\/web\/wp-content\/uploads\/2025\/10\/29-1024x683.jpg\" alt=\"\" class=\"wp-image-2759\" srcset=\"https:\/\/berachi.com.uy\/web\/wp-content\/uploads\/2025\/10\/29-1024x683.jpg 1024w, https:\/\/berachi.com.uy\/web\/wp-content\/uploads\/2025\/10\/29-300x200.jpg 300w, https:\/\/berachi.com.uy\/web\/wp-content\/uploads\/2025\/10\/29-768x512.jpg 768w, https:\/\/berachi.com.uy\/web\/wp-content\/uploads\/2025\/10\/29-1536x1024.jpg 1536w, https:\/\/berachi.com.uy\/web\/wp-content\/uploads\/2025\/10\/29-1620x1080.jpg 1620w, https:\/\/berachi.com.uy\/web\/wp-content\/uploads\/2025\/10\/29.jpg 2048w\" sizes=\"auto, (max-width: 1024px) 100vw, 1024px\" \/><\/figure>\n\n\n\n<figure class=\"wp-block-image size-large\"><img loading=\"lazy\" decoding=\"async\" width=\"1024\" height=\"683\" data-id=\"2757\" src=\"https:\/\/berachi.com.uy\/web\/wp-content\/uploads\/2025\/10\/28-1024x683.jpg\" alt=\"\" class=\"wp-image-2757\" srcset=\"https:\/\/berachi.com.uy\/web\/wp-content\/uploads\/2025\/10\/28-1024x683.jpg 1024w, https:\/\/berachi.com.uy\/web\/wp-content\/uploads\/2025\/10\/28-300x200.jpg 300w, https:\/\/berachi.com.uy\/web\/wp-content\/uploads\/2025\/10\/28-768x512.jpg 768w, https:\/\/berachi.com.uy\/web\/wp-content\/uploads\/2025\/10\/28-1536x1024.jpg 1536w, https:\/\/berachi.com.uy\/web\/wp-content\/uploads\/2025\/10\/28-1620x1080.jpg 1620w, https:\/\/berachi.com.uy\/web\/wp-content\/uploads\/2025\/10\/28.jpg 2048w\" sizes=\"auto, (max-width: 1024px) 100vw, 1024px\" \/><\/figure>\n\n\n\n<figure class=\"wp-block-image size-large\"><img loading=\"lazy\" decoding=\"async\" width=\"1024\" height=\"683\" data-id=\"2755\" src=\"https:\/\/berachi.com.uy\/web\/wp-content\/uploads\/2025\/10\/27-1024x683.jpg\" alt=\"\" class=\"wp-image-2755\" srcset=\"https:\/\/berachi.com.uy\/web\/wp-content\/uploads\/2025\/10\/27-1024x683.jpg 1024w, https:\/\/berachi.com.uy\/web\/wp-content\/uploads\/2025\/10\/27-300x200.jpg 300w, https:\/\/berachi.com.uy\/web\/wp-content\/uploads\/2025\/10\/27-768x512.jpg 768w, https:\/\/berachi.com.uy\/web\/wp-content\/uploads\/2025\/10\/27-1536x1024.jpg 1536w, https:\/\/berachi.com.uy\/web\/wp-content\/uploads\/2025\/10\/27-1620x1080.jpg 1620w, https:\/\/berachi.com.uy\/web\/wp-content\/uploads\/2025\/10\/27.jpg 2048w\" sizes=\"auto, (max-width: 1024px) 100vw, 1024px\" \/><\/figure>\n\n\n\n<figure class=\"wp-block-image size-large\"><img loading=\"lazy\" decoding=\"async\" width=\"1024\" height=\"683\" data-id=\"2753\" src=\"https:\/\/berachi.com.uy\/web\/wp-content\/uploads\/2025\/10\/26-1024x683.jpg\" alt=\"\" class=\"wp-image-2753\" srcset=\"https:\/\/berachi.com.uy\/web\/wp-content\/uploads\/2025\/10\/26-1024x683.jpg 1024w, https:\/\/berachi.com.uy\/web\/wp-content\/uploads\/2025\/10\/26-300x200.jpg 300w, https:\/\/berachi.com.uy\/web\/wp-content\/uploads\/2025\/10\/26-768x512.jpg 768w, https:\/\/berachi.com.uy\/web\/wp-content\/uploads\/2025\/10\/26-1536x1024.jpg 1536w, https:\/\/berachi.com.uy\/web\/wp-content\/uploads\/2025\/10\/26-1620x1080.jpg 1620w, https:\/\/berachi.com.uy\/web\/wp-content\/uploads\/2025\/10\/26.jpg 2048w\" sizes=\"auto, (max-width: 1024px) 100vw, 1024px\" \/><\/figure>\n\n\n\n<figure class=\"wp-block-image size-large\"><img loading=\"lazy\" decoding=\"async\" width=\"1024\" height=\"683\" data-id=\"2751\" src=\"https:\/\/berachi.com.uy\/web\/wp-content\/uploads\/2025\/10\/25-1024x683.jpg\" alt=\"\" class=\"wp-image-2751\" srcset=\"https:\/\/berachi.com.uy\/web\/wp-content\/uploads\/2025\/10\/25-1024x683.jpg 1024w, https:\/\/berachi.com.uy\/web\/wp-content\/uploads\/2025\/10\/25-300x200.jpg 300w, https:\/\/berachi.com.uy\/web\/wp-content\/uploads\/2025\/10\/25-768x512.jpg 768w, https:\/\/berachi.com.uy\/web\/wp-content\/uploads\/2025\/10\/25-1536x1024.jpg 1536w, https:\/\/berachi.com.uy\/web\/wp-content\/uploads\/2025\/10\/25-1620x1080.jpg 1620w, https:\/\/berachi.com.uy\/web\/wp-content\/uploads\/2025\/10\/25.jpg 2048w\" sizes=\"auto, (max-width: 1024px) 100vw, 1024px\" \/><\/figure>\n\n\n\n<figure class=\"wp-block-image size-large\"><img loading=\"lazy\" decoding=\"async\" width=\"1024\" height=\"683\" data-id=\"2749\" src=\"https:\/\/berachi.com.uy\/web\/wp-content\/uploads\/2025\/10\/24-1024x683.jpg\" alt=\"\" class=\"wp-image-2749\" srcset=\"https:\/\/berachi.com.uy\/web\/wp-content\/uploads\/2025\/10\/24-1024x683.jpg 1024w, https:\/\/berachi.com.uy\/web\/wp-content\/uploads\/2025\/10\/24-300x200.jpg 300w, https:\/\/berachi.com.uy\/web\/wp-content\/uploads\/2025\/10\/24-768x512.jpg 768w, https:\/\/berachi.com.uy\/web\/wp-content\/uploads\/2025\/10\/24-1536x1024.jpg 1536w, https:\/\/berachi.com.uy\/web\/wp-content\/uploads\/2025\/10\/24-1620x1080.jpg 1620w, https:\/\/berachi.com.uy\/web\/wp-content\/uploads\/2025\/10\/24.jpg 2048w\" sizes=\"auto, (max-width: 1024px) 100vw, 1024px\" \/><\/figure>\n\n\n\n<figure class=\"wp-block-image size-large\"><img loading=\"lazy\" decoding=\"async\" width=\"1024\" height=\"683\" data-id=\"2765\" src=\"https:\/\/berachi.com.uy\/web\/wp-content\/uploads\/2025\/10\/31-1024x683.jpg\" alt=\"\" class=\"wp-image-2765\" srcset=\"https:\/\/berachi.com.uy\/web\/wp-content\/uploads\/2025\/10\/31-1024x683.jpg 1024w, https:\/\/berachi.com.uy\/web\/wp-content\/uploads\/2025\/10\/31-300x200.jpg 300w, https:\/\/berachi.com.uy\/web\/wp-content\/uploads\/2025\/10\/31-768x512.jpg 768w, https:\/\/berachi.com.uy\/web\/wp-content\/uploads\/2025\/10\/31-1536x1024.jpg 1536w, https:\/\/berachi.com.uy\/web\/wp-content\/uploads\/2025\/10\/31-1620x1080.jpg 1620w, https:\/\/berachi.com.uy\/web\/wp-content\/uploads\/2025\/10\/31.jpg 2048w\" sizes=\"auto, (max-width: 1024px) 100vw, 1024px\" \/><\/figure>\n\n\n\n<figure class=\"wp-block-image size-large\"><img loading=\"lazy\" decoding=\"async\" width=\"1024\" height=\"683\" data-id=\"2775\" src=\"https:\/\/berachi.com.uy\/web\/wp-content\/uploads\/2025\/10\/36-1024x683.jpg\" alt=\"\" class=\"wp-image-2775\" srcset=\"https:\/\/berachi.com.uy\/web\/wp-content\/uploads\/2025\/10\/36-1024x683.jpg 1024w, https:\/\/berachi.com.uy\/web\/wp-content\/uploads\/2025\/10\/36-300x200.jpg 300w, https:\/\/berachi.com.uy\/web\/wp-content\/uploads\/2025\/10\/36-768x512.jpg 768w, https:\/\/berachi.com.uy\/web\/wp-content\/uploads\/2025\/10\/36-1536x1024.jpg 1536w, https:\/\/berachi.com.uy\/web\/wp-content\/uploads\/2025\/10\/36-1620x1080.jpg 1620w, https:\/\/berachi.com.uy\/web\/wp-content\/uploads\/2025\/10\/36.jpg 2048w\" sizes=\"auto, (max-width: 1024px) 100vw, 1024px\" \/><\/figure>\n<\/figure>\n\n\n\n<p><\/p>\n","protected":false},"excerpt":{"rendered":"<p>En un gran remate, Berach\u00ed mostr\u00f3 su f\u00e1brica de producir carne en Cerro Largo\u00a0 Ver la nota aqu\u00ed<\/p>\n","protected":false},"author":1,"featured_media":0,"parent":0,"menu_order":0,"comment_status":"closed","ping_status":"closed","template":"","meta":{"footnotes":""},"class_list":["post-2779","page","type-page","status-publish","hentry"],"magazineBlocksPostFeaturedMedia":{"thumbnail":false,"medium":false,"medium_large":false,"large":false,"1536x1536":false,"2048x2048":false,"post-thumbnail":false,"one-page-express-full-hd":false},"magazineBlocksPostAuthor":{"name":"Berachi","avatar":"https:\/\/secure.gravatar.com\/avatar\/305668339c082a6822d97dc4fd0b82af83fa0d0f94e81257d3801b8768300820?s=96&d=mm&r=g"},"magazineBlocksPostCommentsNumber":false,"magazineBlocksPostExcerpt":"En un gran remate, Berach\u00ed mostr\u00f3 su f\u00e1brica de producir carne en Cerro Largo\u00a0 Ver la nota aqu\u00ed","magazineBlocksPostCategories":[],"magazineBlocksPostViewCount":0,"magazineBlocksPostReadTime":1,"_links":{"self":[{"href":"https:\/\/berachi.com.uy\/web\/wp-json\/wp\/v2\/pages\/2779","targetHints":{"allow":["GET"]}}],"collection":[{"href":"https:\/\/berachi.com.uy\/web\/wp-json\/wp\/v2\/pages"}],"about":[{"href":"https:\/\/berachi.com.uy\/web\/wp-json\/wp\/v2\/types\/page"}],"author":[{"embeddable":true,"href":"https:\/\/berachi.com.uy\/web\/wp-json\/wp\/v2\/users\/1"}],"replies":[{"embeddable":true,"href":"https:\/\/berachi.com.uy\/web\/wp-json\/wp\/v2\/comments?post=2779"}],"version-history":[{"count":9,"href":"https:\/\/berachi.com.uy\/web\/wp-json\/wp\/v2\/pages\/2779\/revisions"}],"predecessor-version":[{"id":2795,"href":"https:\/\/berachi.com.uy\/web\/wp-json\/wp\/v2\/pages\/2779\/revisions\/2795"}],"wp:attachment":[{"href":"https:\/\/berachi.com.uy\/web\/wp-json\/wp\/v2\/media?parent=2779"}],"curies":[{"name":"wp","href":"https:\/\/api.w.org\/{rel}","templated":true}]}}